{"id":1168,"date":"2014-10-23T01:16:09","date_gmt":"2014-10-23T00:16:09","guid":{"rendered":"https:\/\/www.incodra.com\/?page_id=1168"},"modified":"2018-05-19T15:23:37","modified_gmt":"2018-05-19T14:23:37","slug":"dayandnight","status":"publish","type":"page","link":"https:\/\/www.incodra.com\/de\/projects\/dayandnight\/","title":{"rendered":"Day &#038; Night"},"content":{"rendered":"<div class=\"flex_column av_one_full  flex_column_div av-zero-column-padding first  \" style='border-radius:0px; '><p><div class='avia-image-container  av-styling-    avia-align-center '  itemprop=\"ImageObject\" itemscope=\"itemscope\" itemtype=\"https:\/\/schema.org\/ImageObject\"  ><div class='avia-image-container-inner'><div class='avia-image-overlay-wrap'><a href='\/play\/dayandnight\/' class='avia_image'   target=\"_blank\" ><img class='avia_image ' src='https:\/\/www.incodra.com\/wp-content\/uploads\/DAN_Icon-300x300.png' alt='' title='DAN_Icon'  itemprop=\"thumbnailUrl\"  \/><\/a><\/div><\/div><\/div><br \/>\n<section class=\"av_textblock_section \"  itemscope=\"itemscope\" itemtype=\"https:\/\/schema.org\/CreativeWork\" ><div class='avia_textblock  '   itemprop=\"text\" ><h2 style=\"text-align: center;\"><a href=\"\/play\/dayandnight\/\" target=\"_blank\" rel=\"noopener\">Prototyp spielen!<\/a><\/h2>\n<\/div><\/section><\/p><\/div>\n<div class=\"flex_column av_one_full  flex_column_div av-zero-column-padding first  \" style='border-radius:0px; '><section class=\"av_textblock_section \"  itemscope=\"itemscope\" itemtype=\"https:\/\/schema.org\/CreativeWork\" ><div class='avia_textblock  '   itemprop=\"text\" ><h1>Day &amp; Night<\/h1>\n<div data-post-id=\"1165\" class=\"insert-page insert-page-1165 \"><p>&#8222;Day &#038; Night&#8220; ist ein innovatives, ungew\u00f6hnliches Ged\u00e4chtnisspiel, bei dem das Ged\u00e4chtnisverm\u00f6gen auf eine ganz neue Art und Weise gefordert wird. Das Spiel hat einen sehr simplistischen Grafikstil und jedes Level besteht aus zwei Phasen: Die eine Phase ist der Tag und die andere die Nacht. W\u00e4hrend des Tages folgen Moskitos bestimmten Pfaden (VIPs, engl. f\u00fcr very interesting paths) und der Spieler muss sich diese merken. W\u00e4hrend der Nacht fliegen die VIP Moskitos entlang derselben Pfaden aber zus\u00e4tzlich fliegen noch weitere Gegner-Moskitos durch die Nacht. Die Aufgabe ist einfach: T\u00f6te ausschlie\u00dflich alle Gegner-Moskitos und verschone die VIPs. F\u00fcr diese Aufgabe stehen dem Spieler verschiedene Werkzeuge zur Verf\u00fcgung, wie Lampen, deren Licht die Moskitos t\u00f6tet. Au\u00dferdem kann der Spieler Fr\u00f6sche einsetzen, deren Zungen das Ende f\u00fcr die Moskitos bedeuten. Die Levelauswahl ist innovativ und entspricht der Auswahl eines Tages im Kalender, wobei der aktuelle Prototyp die ersten 45 Level umfasst.<\/p>\n<p>Verf\u00fcgbare Plattformen: <a href=\"\/play\/dayandnight\/\" target=\"_blank\">Browser<\/a><\/p>\n<\/div>\n<\/div><\/section><\/div>\n<div class=\"flex_column av_one_full  flex_column_div first  \" ><div class='avia-image-container  av-styling- av-hover-grow noHover  av-overlay-hover-deactivate   avia-align-center '  itemprop=\"ImageObject\" itemscope=\"itemscope\" itemtype=\"https:\/\/schema.org\/ImageObject\"  ><div class='avia-image-container-inner'><div class='avia-image-overlay-wrap'><a href='https:\/\/youtu.be\/HABbPYQQjfQ' class='avia_image'   target=\"_blank\" ><div class='av-image-caption-overlay'><div class='av-caption-image-overlay-bg' style='opacity:0.5; background-color:#000000; '><\/div><div class='av-image-caption-overlay-position'><div class='av-image-caption-overlay-center' style='color:#ffffff; font-size:24px; '><p>Klicke hier um den Day &amp; Night Konzept-Trailer zu sehen!<\/p>\n<\/div><\/div><\/div><img class='avia_image ' src='https:\/\/www.incodra.com\/wp-content\/uploads\/DAN_ProjectTeaser-1030x360.jpg' alt='' title='DAN_ProjectTeaser'  itemprop=\"thumbnailUrl\"  \/><\/a><\/div><\/div><\/div><\/div>\n<div class=\"flex_column av_one_half  flex_column_div first  \" ><div  data-size='no scaling'  data-lightbox_size='large'  data-animation='slide'  data-ids='1172,1173,1177,1206,1174,1176,1175'  data-video_counter='0'  data-autoplay='true'  data-bg_slider='false'  data-slide_height=''  data-handle='av_slideshow'  data-interval='7'  data-class=' '  data-css_id=''  data-scroll_down=''  data-control_layout=''  data-custom_markup=''  data-perma_caption=''  data-autoplay_stopper=''  data-image_attachment=''  data-min_height='0px'  class='avia-slideshow avia-slideshow-17  av-default-height-applied avia-slideshow-no scaling av_slideshow   avia-slide-slider '  itemprop=\"ImageObject\" itemscope=\"itemscope\" itemtype=\"https:\/\/schema.org\/ImageObject\" ><ul class='avia-slideshow-inner' style='padding-bottom: 75%;'><li  class=' slide-1 ' ><div data-rel='slideshow-17' class='avia-slide-wrap'  ><img src='https:\/\/www.incodra.com\/wp-content\/uploads\/DAN_Concept_Day.png' width='1024' height='768' title='DAN_Concept_Day' alt=''  itemprop=\"thumbnailUrl\"   \/><\/div><\/li><li  class=' slide-2 ' ><div data-rel='slideshow-17' class='avia-slide-wrap'  ><img src='https:\/\/www.incodra.com\/wp-content\/uploads\/DAN_Concept_Night.png' width='1024' height='768' title='DAN_Concept_Night' alt=''  itemprop=\"thumbnailUrl\"   \/><\/div><\/li><li  class=' slide-3 ' ><div data-rel='slideshow-17' class='avia-slide-wrap'  ><img src='https:\/\/www.incodra.com\/wp-content\/uploads\/DAN_Concept_TinyBigVsWeakStrong.png' width='1024' height='768' title='DAN_Concept_TinyBigVsWeakStrong' alt=''  itemprop=\"thumbnailUrl\"   \/><\/div><\/li><li  class=' slide-4 ' ><div data-rel='slideshow-17' class='avia-slide-wrap'  ><img src='https:\/\/www.incodra.com\/wp-content\/uploads\/DAN_Concept_TinyVsWeak.png' width='1024' height='768' title='DAN_Concept_TinyVsWeak' alt=''  itemprop=\"thumbnailUrl\"   \/><\/div><\/li><li  class=' slide-5 ' ><div data-rel='slideshow-17' class='avia-slide-wrap'  ><img src='https:\/\/www.incodra.com\/wp-content\/uploads\/DAN_Concept_PilotVsLamp.png' width='1024' height='768' title='DAN_Concept_PilotVsLamp' alt=''  itemprop=\"thumbnailUrl\"   \/><\/div><\/li><li  class=' slide-6 ' ><div data-rel='slideshow-17' class='avia-slide-wrap'  ><img src='https:\/\/www.incodra.com\/wp-content\/uploads\/DAN_Concept_TinyBigVsWeak.png' width='1024' height='768' title='DAN_Concept_TinyBigVsWeak' alt=''  itemprop=\"thumbnailUrl\"   \/><\/div><\/li><li  class=' slide-7 ' ><div data-rel='slideshow-17' class='avia-slide-wrap'  ><img src='https:\/\/www.incodra.com\/wp-content\/uploads\/DAN_Concept_TinyBigVsFrog.png' width='1024' height='768' title='DAN_Concept_TinyBigVsFrog' alt=''  itemprop=\"thumbnailUrl\"   \/><\/div><\/li><\/ul><div class='avia-slideshow-arrows avia-slideshow-controls'><a href='#prev' class='prev-slide' aria-hidden='true' data-av_icon='\ue87c' data-av_iconfont='entypo-fontello'>Zur\u00fcck<\/a><a href='#next' class='next-slide' aria-hidden='true' data-av_icon='\ue87d' data-av_iconfont='entypo-fontello'>Weiter<\/a><\/div><div class='avia-slideshow-dots avia-slideshow-controls'><a href='#1' class='goto-slide active' >1<\/a><a href='#2' class='goto-slide ' >2<\/a><a href='#3' class='goto-slide ' >3<\/a><a href='#4' class='goto-slide ' >4<\/a><a href='#5' class='goto-slide ' >5<\/a><a href='#6' class='goto-slide ' >6<\/a><a href='#7' class='goto-slide ' >7<\/a><\/div><\/div><\/div>\n<div class=\"flex_column av_one_half  flex_column_div av-zero-column-padding   \" style='border-radius:0px; '><section class=\"av_textblock_section \"  itemscope=\"itemscope\" itemtype=\"https:\/\/schema.org\/CreativeWork\" ><div class='avia_textblock  '   itemprop=\"text\" ><h3>Konzepte<\/h3>\n<ul>\n<li>Innovatives Memory Spiel mit ansprechender, simplistischer Grafik.<\/li>\n<li>Zwei Phasen: Merke dir die Pfade bei Tag &amp; erinnere dich an diese bei Nacht.<\/li>\n<li>Benutze diverse Werkzeuge, wie starke und schwache Lampen oder Fr\u00f6sche!<\/li>\n<li>Unterschiedliche M\u00fcckenarten erfordern unterschiedliche Werkzeuge.<\/li>\n<li>Vorsicht vor Papierfliegern: Sie k\u00f6nnen deine Lampen zerst\u00f6ren!<\/li>\n<li>Innovative Levelauswahl durch einen Kalender.<\/li>\n<\/ul>\n<\/div><\/section><\/div>\n<div id='av-masonry-17' class='av-masonry  noHover av-fixed-size av-large-gap av-hover-overlay-active av-masonry-col-automatic av-caption-always av-caption-style- av-masonry-gallery     '  ><div class='av-masonry-container isotope av-js-disabled ' ><div class='av-masonry-entry isotope-item av-masonry-item-no-image '><\/div><a href=\"https:\/\/www.incodra.com\/wp-content\/uploads\/DAN_Teaser01.png\" id='av-masonry-17-item-1196' data-av-masonry-item='1196' class='av-masonry-entry isotope-item post-1196 attachment type-attachment status-inherit hentry  av-masonry-item-with-image' title=\"\"  itemprop=\"thumbnailUrl\" ><div class='av-inner-masonry-sizer'><\/div><figure class='av-inner-masonry main_color'><div class=\"av-masonry-outerimage-container\"><div class=\"av-masonry-image-container\" style=\"background-image: url(https:\/\/www.incodra.com\/wp-content\/uploads\/DAN_Teaser01-705x528.png);\"><\/div><\/div><\/figure><\/a><!--end av-masonry entry--><a href=\"https:\/\/www.incodra.com\/wp-content\/uploads\/DAN_Screenshot_Feb04.png\" id='av-masonry-17-item-1183' data-av-masonry-item='1183' class='av-masonry-entry isotope-item post-1183 attachment type-attachment status-inherit hentry  av-masonry-item-with-image' title=\"\"  itemprop=\"thumbnailUrl\" ><div class='av-inner-masonry-sizer'><\/div><figure class='av-inner-masonry main_color'><div class=\"av-masonry-outerimage-container\"><div class=\"av-masonry-image-container\" style=\"background-image: url(https:\/\/www.incodra.com\/wp-content\/uploads\/DAN_Screenshot_Feb04-705x528.png);\"><\/div><\/div><\/figure><\/a><!--end av-masonry entry--><a href=\"https:\/\/www.incodra.com\/wp-content\/uploads\/DAN_Screenshot_January.png\" id='av-masonry-17-item-1194' data-av-masonry-item='1194' class='av-masonry-entry isotope-item post-1194 attachment type-attachment status-inherit hentry  av-masonry-item-with-image' title=\"\"  itemprop=\"thumbnailUrl\" ><div class='av-inner-masonry-sizer'><\/div><figure class='av-inner-masonry main_color'><div class=\"av-masonry-outerimage-container\"><div class=\"av-masonry-image-container\" style=\"background-image: url(https:\/\/www.incodra.com\/wp-content\/uploads\/DAN_Screenshot_January-705x528.png);\"><\/div><\/div><\/figure><\/a><!--end av-masonry entry--><a href=\"https:\/\/www.incodra.com\/wp-content\/uploads\/DAN_Screenshot_CloseUp03.png\" id='av-masonry-17-item-1181' data-av-masonry-item='1181' class='av-masonry-entry isotope-item post-1181 attachment type-attachment status-inherit hentry  av-masonry-item-with-image' title=\"\"  itemprop=\"thumbnailUrl\" ><div class='av-inner-masonry-sizer'><\/div><figure class='av-inner-masonry main_color'><div class=\"av-masonry-outerimage-container\"><div class=\"av-masonry-image-container\" style=\"background-image: url(https:\/\/www.incodra.com\/wp-content\/uploads\/DAN_Screenshot_CloseUp03-705x528.png);\"><\/div><\/div><\/figure><\/a><!--end av-masonry entry--><a href=\"https:\/\/www.incodra.com\/wp-content\/uploads\/DAN_Screenshot_February.png\" id='av-masonry-17-item-1186' data-av-masonry-item='1186' class='av-masonry-entry isotope-item post-1186 attachment type-attachment status-inherit hentry  av-masonry-item-with-image' title=\"\"  itemprop=\"thumbnailUrl\" ><div class='av-inner-masonry-sizer'><\/div><figure class='av-inner-masonry main_color'><div class=\"av-masonry-outerimage-container\"><div class=\"av-masonry-image-container\" style=\"background-image: url(https:\/\/www.incodra.com\/wp-content\/uploads\/DAN_Screenshot_February-705x528.png);\"><\/div><\/div><\/figure><\/a><!--end av-masonry entry--><a href=\"https:\/\/www.incodra.com\/wp-content\/uploads\/DAN_Screenshot_Jan30.png\" id='av-masonry-17-item-1192' data-av-masonry-item='1192' class='av-masonry-entry isotope-item post-1192 attachment type-attachment status-inherit hentry  av-masonry-item-with-image' title=\"\"  itemprop=\"thumbnailUrl\" ><div class='av-inner-masonry-sizer'><\/div><figure class='av-inner-masonry main_color'><div class=\"av-masonry-outerimage-container\"><div class=\"av-masonry-image-container\" style=\"background-image: url(https:\/\/www.incodra.com\/wp-content\/uploads\/DAN_Screenshot_Jan30-705x528.png);\"><\/div><\/div><\/figure><\/a><!--end av-masonry entry--><a href=\"https:\/\/www.incodra.com\/wp-content\/uploads\/DAN_Screenshot_CloseUp04.png\" id='av-masonry-17-item-1182' data-av-masonry-item='1182' class='av-masonry-entry isotope-item post-1182 attachment type-attachment status-inherit hentry  av-masonry-item-with-image' title=\"\"  itemprop=\"thumbnailUrl\" ><div class='av-inner-masonry-sizer'><\/div><figure class='av-inner-masonry main_color'><div class=\"av-masonry-outerimage-container\"><div class=\"av-masonry-image-container\" style=\"background-image: url(https:\/\/www.incodra.com\/wp-content\/uploads\/DAN_Screenshot_CloseUp04-705x528.png);\"><\/div><\/div><\/figure><\/a><!--end av-masonry entry--><a href=\"https:\/\/www.incodra.com\/wp-content\/uploads\/DAN_Screenshot_Jan21_Night.png\" id='av-masonry-17-item-1191' data-av-masonry-item='1191' class='av-masonry-entry isotope-item post-1191 attachment type-attachment status-inherit hentry  av-masonry-item-with-image' title=\"\"  itemprop=\"thumbnailUrl\" ><div class='av-inner-masonry-sizer'><\/div><figure class='av-inner-masonry main_color'><div class=\"av-masonry-outerimage-container\"><div class=\"av-masonry-image-container\" style=\"background-image: url(https:\/\/www.incodra.com\/wp-content\/uploads\/DAN_Screenshot_Jan21_Night-705x528.png);\"><\/div><\/div><\/figure><\/a><!--end av-masonry entry--><a href=\"https:\/\/www.incodra.com\/wp-content\/uploads\/DAN_Screenshot_CloseUp01.png\" id='av-masonry-17-item-1179' data-av-masonry-item='1179' class='av-masonry-entry isotope-item post-1179 attachment type-attachment status-inherit hentry  av-masonry-item-with-image' title=\"\"  itemprop=\"thumbnailUrl\" ><div class='av-inner-masonry-sizer'><\/div><figure class='av-inner-masonry main_color'><div class=\"av-masonry-outerimage-container\"><div class=\"av-masonry-image-container\" style=\"background-image: url(https:\/\/www.incodra.com\/wp-content\/uploads\/DAN_Screenshot_CloseUp01-705x528.png);\"><\/div><\/div><\/figure><\/a><!--end av-masonry entry--><a href=\"https:\/\/www.incodra.com\/wp-content\/uploads\/DAN_Screenshot_CloseUp02.png\" id='av-masonry-17-item-1180' data-av-masonry-item='1180' class='av-masonry-entry isotope-item post-1180 attachment type-attachment status-inherit hentry  av-masonry-item-with-image' title=\"\"  itemprop=\"thumbnailUrl\" ><div class='av-inner-masonry-sizer'><\/div><figure class='av-inner-masonry main_color'><div class=\"av-masonry-outerimage-container\"><div class=\"av-masonry-image-container\" style=\"background-image: url(https:\/\/www.incodra.com\/wp-content\/uploads\/DAN_Screenshot_CloseUp02-705x528.png);\"><\/div><\/div><\/figure><\/a><!--end av-masonry entry--><a href=\"https:\/\/www.incodra.com\/wp-content\/uploads\/DAN_Screenshot_Jan15.png\" id='av-masonry-17-item-1189' data-av-masonry-item='1189' class='av-masonry-entry isotope-item post-1189 attachment type-attachment status-inherit hentry  av-masonry-item-with-image' title=\"\"  itemprop=\"thumbnailUrl\" ><div class='av-inner-masonry-sizer'><\/div><figure class='av-inner-masonry main_color'><div class=\"av-masonry-outerimage-container\"><div class=\"av-masonry-image-container\" style=\"background-image: url(https:\/\/www.incodra.com\/wp-content\/uploads\/DAN_Screenshot_Jan15-705x528.png);\"><\/div><\/div><\/figure><\/a><!--end av-masonry entry--><a href=\"https:\/\/www.incodra.com\/wp-content\/uploads\/DAN_Screenshot_Jan14.png\" id='av-masonry-17-item-1187' data-av-masonry-item='1187' class='av-masonry-entry isotope-item post-1187 attachment type-attachment status-inherit hentry  av-masonry-item-with-image' title=\"\"  itemprop=\"thumbnailUrl\" ><div class='av-inner-masonry-sizer'><\/div><figure class='av-inner-masonry main_color'><div class=\"av-masonry-outerimage-container\"><div class=\"av-masonry-image-container\" style=\"background-image: url(https:\/\/www.incodra.com\/wp-content\/uploads\/DAN_Screenshot_Jan14-705x528.png);\"><\/div><\/div><\/figure><\/a><!--end av-masonry entry--><\/div><\/div>","protected":false},"excerpt":{"rendered":"","protected":false},"author":1,"featured_media":0,"parent":328,"menu_order":0,"comment_status":"open","ping_status":"open","template":"","meta":[],"_links":{"self":[{"href":"https:\/\/www.incodra.com\/de\/wp-json\/wp\/v2\/pages\/1168"}],"collection":[{"href":"https:\/\/www.incodra.com\/de\/wp-json\/wp\/v2\/pages"}],"about":[{"href":"https:\/\/www.incodra.com\/de\/wp-json\/wp\/v2\/types\/page"}],"author":[{"embeddable":true,"href":"https:\/\/www.incodra.com\/de\/wp-json\/wp\/v2\/users\/1"}],"replies":[{"embeddable":true,"href":"https:\/\/www.incodra.com\/de\/wp-json\/wp\/v2\/comments?post=1168"}],"version-history":[{"count":0,"href":"https:\/\/www.incodra.com\/de\/wp-json\/wp\/v2\/pages\/1168\/revisions"}],"up":[{"embeddable":true,"href":"https:\/\/www.incodra.com\/de\/wp-json\/wp\/v2\/pages\/328"}],"wp:attachment":[{"href":"https:\/\/www.incodra.com\/de\/wp-json\/wp\/v2\/media?parent=1168"}],"curies":[{"name":"wp","href":"https:\/\/api.w.org\/{rel}","templated":true}]}}