{"id":1284,"date":"2015-04-04T12:12:57","date_gmt":"2015-04-04T11:12:57","guid":{"rendered":"https:\/\/www.incodra.com\/?page_id=1284"},"modified":"2018-05-19T15:31:50","modified_gmt":"2018-05-19T14:31:50","slug":"lollipoplegends","status":"publish","type":"page","link":"https:\/\/www.incodra.com\/de\/projects\/lollipoplegends\/","title":{"rendered":"Lollipop Legends"},"content":{"rendered":"<div class=\"flex_column av_one_full  flex_column_div av-zero-column-padding first  \" style='border-radius:0px; '><p><div class='avia-image-container  av-styling-    avia-align-center '  itemprop=\"ImageObject\" itemscope=\"itemscope\" itemtype=\"https:\/\/schema.org\/ImageObject\"  ><div class='avia-image-container-inner'><div class='avia-image-overlay-wrap'><a href='\/play\/lollipoplegends\/' class='avia_image'   target=\"_blank\" ><img class='avia_image ' src='https:\/\/www.incodra.com\/wp-content\/uploads\/LL_Icon-300x300.png' alt='' title='LL_Icon'  itemprop=\"thumbnailUrl\"  \/><\/a><\/div><\/div><\/div><br \/>\n<section class=\"av_textblock_section \"  itemscope=\"itemscope\" itemtype=\"https:\/\/schema.org\/CreativeWork\" ><div class='avia_textblock  '   itemprop=\"text\" ><h2 style=\"text-align: center;\"><a href=\"\/play\/lollipoplegends\/\" target=\"_blank\" rel=\"noopener\">Prototyp spielen!<\/a><\/h2>\n<\/div><\/section><\/p><\/div><div class=\"flex_column av_one_full  flex_column_div av-zero-column-padding first  \" style='border-radius:0px; '><section class=\"av_textblock_section \"  itemscope=\"itemscope\" itemtype=\"https:\/\/schema.org\/CreativeWork\" ><div class='avia_textblock  '   itemprop=\"text\" ><h1>Lollipop Legends<\/h1>\n<div data-post-id=\"1282\" class=\"insert-page insert-page-1282 \"><p>&#8222;Lollipop Legends&#8220; ist ein geniales Puzzlespiel mit gro\u00dfartigem Gameplay und s\u00fc\u00dfen Grafiken. Drehe einfach drei aneinanderliegende Lollis und baue auf diese Weise kleine Inseln um ihr fruchtiges Inneres zu enth\u00fcllen. Erschaffe verschiedene Formen aus vier oder mehr Lollis und sei erstaunt \u00fcber die energiegeladene und explosive Kraft der Combos. Spiele \u00fcber 100 Level mit verschiedenen Zielen wie dem Zerschmettern salzigen Geb\u00e4cks, dem Verteilen fruchtiger Glasur oder dem Finden versteckter Zuckerstangen. Fordere deine Freunde auf Facebook heraus oder unterst\u00fctzt euch um gemeinsam die Mythen von &#8222;Lollipop Legends&#8220; zu erleben.<\/p>\n<p>Verf\u00fcgbare Plattformen: <a href=\"\/play\/lollipoplegends\/\" target=\"_blank\" rel=\"noopener\">Browser<\/a><\/p>\n<\/div>\n<\/div><\/section><\/div><div class=\"flex_column av_one_full  flex_column_div first  \" ><div class='avia-image-container  av-styling- av-hover-grow noHover  av-overlay-hover-deactivate   avia-align-center '  itemprop=\"ImageObject\" itemscope=\"itemscope\" itemtype=\"https:\/\/schema.org\/ImageObject\"  ><div class='avia-image-container-inner'><div class='avia-image-overlay-wrap'><a href='https:\/\/youtu.be\/UDumlpNP3sY' class='avia_image'   target=\"_blank\" ><div class='av-image-caption-overlay'><div class='av-caption-image-overlay-bg' style='opacity:0.5; background-color:#000000; '><\/div><div class='av-image-caption-overlay-position'><div class='av-image-caption-overlay-center' style='color:#ffffff; font-size:24px; '><p>Klicke hier um das konzeptuelle Lollipop Legends gameplay zu sehen!<\/p>\n<\/div><\/div><\/div><img class='avia_image ' src='https:\/\/www.incodra.com\/wp-content\/uploads\/LL_ProjectTeaser-1030x360.jpg' alt='' title='LL_ProjectTeaser'  itemprop=\"thumbnailUrl\"  \/><\/a><\/div><\/div><\/div><\/div><div class=\"flex_column av_one_half  flex_column_div first  \" ><div  data-size='no scaling'  data-lightbox_size='large'  data-animation='slide'  data-ids='1308,1311,1310,1309'  data-video_counter='0'  data-autoplay='true'  data-bg_slider='false'  data-slide_height=''  data-handle='av_slideshow'  data-interval='7'  data-class=' '  data-css_id=''  data-scroll_down=''  data-control_layout=''  data-custom_markup=''  data-perma_caption=''  data-autoplay_stopper=''  data-image_attachment=''  data-min_height='0px'  class='avia-slideshow avia-slideshow-3  av-default-height-applied avia-slideshow-no scaling av_slideshow   avia-slide-slider '  itemprop=\"ImageObject\" itemscope=\"itemscope\" itemtype=\"https:\/\/schema.org\/ImageObject\" ><ul class='avia-slideshow-inner' style='padding-bottom: 75%;'><li  class=' slide-1 ' ><div data-rel='slideshow-3' class='avia-slide-wrap'  ><img src='https:\/\/www.incodra.com\/wp-content\/uploads\/LL_Screenshot_Prototype13.png' width='1024' height='768' title='LL_Screenshot_Prototype13' alt=''  itemprop=\"thumbnailUrl\"   \/><\/div><\/li><li  class=' slide-2 ' ><div data-rel='slideshow-3' class='avia-slide-wrap'  ><img src='https:\/\/www.incodra.com\/wp-content\/uploads\/LL_Screenshot_Prototype16.png' width='1024' height='768' title='LL_Screenshot_Prototype16' alt=''  itemprop=\"thumbnailUrl\"   \/><\/div><\/li><li  class=' slide-3 ' ><div data-rel='slideshow-3' class='avia-slide-wrap'  ><img src='https:\/\/www.incodra.com\/wp-content\/uploads\/LL_Screenshot_Prototype15.png' width='1024' height='768' title='LL_Screenshot_Prototype15' alt=''  itemprop=\"thumbnailUrl\"   \/><\/div><\/li><li  class=' slide-4 ' ><div data-rel='slideshow-3' class='avia-slide-wrap'  ><img src='https:\/\/www.incodra.com\/wp-content\/uploads\/LL_Screenshot_Prototype14.png' width='1024' height='768' title='LL_Screenshot_Prototype14' alt=''  itemprop=\"thumbnailUrl\"   \/><\/div><\/li><\/ul><div class='avia-slideshow-arrows avia-slideshow-controls'><a href='#prev' class='prev-slide' aria-hidden='true' data-av_icon='\ue87c' data-av_iconfont='entypo-fontello'>Zur\u00fcck<\/a><a href='#next' class='next-slide' aria-hidden='true' data-av_icon='\ue87d' data-av_iconfont='entypo-fontello'>Weiter<\/a><\/div><div class='avia-slideshow-dots avia-slideshow-controls'><a href='#1' class='goto-slide active' >1<\/a><a href='#2' class='goto-slide ' >2<\/a><a href='#3' class='goto-slide ' >3<\/a><a href='#4' class='goto-slide ' >4<\/a><\/div><\/div><\/div><div class=\"flex_column av_one_half  flex_column_div av-zero-column-padding   \" style='border-radius:0px; '><section class=\"av_textblock_section \"  itemscope=\"itemscope\" itemtype=\"https:\/\/schema.org\/CreativeWork\" ><div class='avia_textblock  '   itemprop=\"text\" ><h3>Implementierte Konzepte<\/h3>\n<ul>\n<li>Einfaches Spielprinzip: Drehe 3 aneinanderliegende Lollis.<\/li>\n<li>S\u00fc\u00dfe Grafik und dynamisches Layout (u.a. Hoch- vs Querformat).<\/li>\n<li>Aufregende Combos mit gro\u00dffl\u00e4chigen Effekten.<\/li>\n<\/ul>\n<h3>Geplante Konzepte<\/h3>\n<ul>\n<li>Viele verschiedene Levelziele, so dass jedes Level eine neue Erfahrung ist.<\/li>\n<li>Bunte Men\u00fcs und eine Levelauswahl, die dich durch die Legende begleitet.<\/li>\n<li>Spiele auf Facebook gegen deine Freunde.<\/li>\n<\/ul>\n<\/div><\/section><\/div><div id='av-masonry-3' class='av-masonry  noHover av-fixed-size av-large-gap av-hover-overlay-active av-masonry-col-automatic av-caption-always av-caption-style- av-masonry-gallery     '  ><div class='av-masonry-container isotope av-js-disabled ' ><div class='av-masonry-entry isotope-item av-masonry-item-no-image '><\/div><a href=\"https:\/\/www.incodra.com\/wp-content\/uploads\/LL_Screenshot_Prototype01.png\" id='av-masonry-3-item-1296' data-av-masonry-item='1296' class='av-masonry-entry isotope-item post-1296 attachment type-attachment status-inherit hentry  av-masonry-item-with-image' title=\"\"  itemprop=\"thumbnailUrl\" ><div class='av-inner-masonry-sizer'><\/div><figure class='av-inner-masonry main_color'><div class=\"av-masonry-outerimage-container\"><div class=\"av-masonry-image-container\" style=\"background-image: url(https:\/\/www.incodra.com\/wp-content\/uploads\/LL_Screenshot_Prototype01-705x528.png);\"><\/div><\/div><\/figure><\/a><!--end av-masonry entry--><a href=\"https:\/\/www.incodra.com\/wp-content\/uploads\/LL_Screenshot_Prototype02.png\" id='av-masonry-3-item-1297' data-av-masonry-item='1297' class='av-masonry-entry isotope-item post-1297 attachment type-attachment status-inherit hentry  av-masonry-item-with-image' title=\"\"  itemprop=\"thumbnailUrl\" ><div class='av-inner-masonry-sizer'><\/div><figure class='av-inner-masonry main_color'><div class=\"av-masonry-outerimage-container\"><div class=\"av-masonry-image-container\" style=\"background-image: url(https:\/\/www.incodra.com\/wp-content\/uploads\/LL_Screenshot_Prototype02-705x528.png);\"><\/div><\/div><\/figure><\/a><!--end av-masonry entry--><a href=\"https:\/\/www.incodra.com\/wp-content\/uploads\/LL_Screenshot_Prototype03.png\" id='av-masonry-3-item-1298' data-av-masonry-item='1298' class='av-masonry-entry isotope-item post-1298 attachment type-attachment status-inherit hentry  av-masonry-item-with-image' title=\"\"  itemprop=\"thumbnailUrl\" ><div class='av-inner-masonry-sizer'><\/div><figure class='av-inner-masonry main_color'><div class=\"av-masonry-outerimage-container\"><div class=\"av-masonry-image-container\" style=\"background-image: url(https:\/\/www.incodra.com\/wp-content\/uploads\/LL_Screenshot_Prototype03-705x528.png);\"><\/div><\/div><\/figure><\/a><!--end av-masonry entry--><a href=\"https:\/\/www.incodra.com\/wp-content\/uploads\/LL_Screenshot_Prototype04.png\" id='av-masonry-3-item-1299' data-av-masonry-item='1299' class='av-masonry-entry isotope-item post-1299 attachment type-attachment status-inherit hentry  av-masonry-item-with-image' title=\"\"  itemprop=\"thumbnailUrl\" ><div class='av-inner-masonry-sizer'><\/div><figure class='av-inner-masonry main_color'><div class=\"av-masonry-outerimage-container\"><div class=\"av-masonry-image-container\" style=\"background-image: url(https:\/\/www.incodra.com\/wp-content\/uploads\/LL_Screenshot_Prototype04-705x528.png);\"><\/div><\/div><\/figure><\/a><!--end av-masonry entry--><a href=\"https:\/\/www.incodra.com\/wp-content\/uploads\/LL_Screenshot_Prototype05.png\" id='av-masonry-3-item-1300' data-av-masonry-item='1300' class='av-masonry-entry isotope-item post-1300 attachment type-attachment status-inherit hentry  av-masonry-item-with-image' title=\"\"  itemprop=\"thumbnailUrl\" ><div class='av-inner-masonry-sizer'><\/div><figure class='av-inner-masonry main_color'><div class=\"av-masonry-outerimage-container\"><div class=\"av-masonry-image-container\" style=\"background-image: url(https:\/\/www.incodra.com\/wp-content\/uploads\/LL_Screenshot_Prototype05-705x528.png);\"><\/div><\/div><\/figure><\/a><!--end av-masonry entry--><a href=\"https:\/\/www.incodra.com\/wp-content\/uploads\/LL_Screenshot_Prototype06.png\" id='av-masonry-3-item-1301' data-av-masonry-item='1301' class='av-masonry-entry isotope-item post-1301 attachment type-attachment status-inherit hentry  av-masonry-item-with-image' title=\"\"  itemprop=\"thumbnailUrl\" ><div class='av-inner-masonry-sizer'><\/div><figure class='av-inner-masonry main_color'><div class=\"av-masonry-outerimage-container\"><div class=\"av-masonry-image-container\" style=\"background-image: url(https:\/\/www.incodra.com\/wp-content\/uploads\/LL_Screenshot_Prototype06-705x528.png);\"><\/div><\/div><\/figure><\/a><!--end av-masonry entry--><a href=\"https:\/\/www.incodra.com\/wp-content\/uploads\/LL_Screenshot_Prototype07.png\" id='av-masonry-3-item-1302' data-av-masonry-item='1302' class='av-masonry-entry isotope-item post-1302 attachment type-attachment status-inherit hentry  av-masonry-item-with-image' title=\"\"  itemprop=\"thumbnailUrl\" ><div class='av-inner-masonry-sizer'><\/div><figure class='av-inner-masonry main_color'><div class=\"av-masonry-outerimage-container\"><div class=\"av-masonry-image-container\" style=\"background-image: url(https:\/\/www.incodra.com\/wp-content\/uploads\/LL_Screenshot_Prototype07-705x528.png);\"><\/div><\/div><\/figure><\/a><!--end av-masonry entry--><a href=\"https:\/\/www.incodra.com\/wp-content\/uploads\/LL_Screenshot_Prototype08.png\" id='av-masonry-3-item-1303' data-av-masonry-item='1303' class='av-masonry-entry isotope-item post-1303 attachment type-attachment status-inherit hentry  av-masonry-item-with-image' title=\"\"  itemprop=\"thumbnailUrl\" ><div class='av-inner-masonry-sizer'><\/div><figure class='av-inner-masonry main_color'><div class=\"av-masonry-outerimage-container\"><div class=\"av-masonry-image-container\" style=\"background-image: url(https:\/\/www.incodra.com\/wp-content\/uploads\/LL_Screenshot_Prototype08-705x528.png);\"><\/div><\/div><\/figure><\/a><!--end av-masonry entry--><a href=\"https:\/\/www.incodra.com\/wp-content\/uploads\/LL_Screenshot_Prototype09.png\" id='av-masonry-3-item-1304' data-av-masonry-item='1304' class='av-masonry-entry isotope-item post-1304 attachment type-attachment status-inherit hentry  av-masonry-item-with-image' title=\"\"  itemprop=\"thumbnailUrl\" ><div class='av-inner-masonry-sizer'><\/div><figure class='av-inner-masonry main_color'><div class=\"av-masonry-outerimage-container\"><div class=\"av-masonry-image-container\" style=\"background-image: url(https:\/\/www.incodra.com\/wp-content\/uploads\/LL_Screenshot_Prototype09-705x528.png);\"><\/div><\/div><\/figure><\/a><!--end av-masonry entry--><a href=\"https:\/\/www.incodra.com\/wp-content\/uploads\/LL_Screenshot_Prototype10.png\" id='av-masonry-3-item-1305' data-av-masonry-item='1305' class='av-masonry-entry isotope-item post-1305 attachment type-attachment status-inherit hentry  av-masonry-item-with-image' title=\"\"  itemprop=\"thumbnailUrl\" ><div class='av-inner-masonry-sizer'><\/div><figure class='av-inner-masonry main_color'><div class=\"av-masonry-outerimage-container\"><div class=\"av-masonry-image-container\" style=\"background-image: url(https:\/\/www.incodra.com\/wp-content\/uploads\/LL_Screenshot_Prototype10-705x528.png);\"><\/div><\/div><\/figure><\/a><!--end av-masonry entry--><a href=\"https:\/\/www.incodra.com\/wp-content\/uploads\/LL_Screenshot_Prototype11.png\" id='av-masonry-3-item-1306' data-av-masonry-item='1306' class='av-masonry-entry isotope-item post-1306 attachment type-attachment status-inherit hentry  av-masonry-item-with-image' title=\"\"  itemprop=\"thumbnailUrl\" ><div class='av-inner-masonry-sizer'><\/div><figure class='av-inner-masonry main_color'><div class=\"av-masonry-outerimage-container\"><div class=\"av-masonry-image-container\" style=\"background-image: url(https:\/\/www.incodra.com\/wp-content\/uploads\/LL_Screenshot_Prototype11-705x528.png);\"><\/div><\/div><\/figure><\/a><!--end av-masonry entry--><a href=\"https:\/\/www.incodra.com\/wp-content\/uploads\/LL_Screenshot_Prototype12.png\" id='av-masonry-3-item-1307' data-av-masonry-item='1307' class='av-masonry-entry isotope-item post-1307 attachment type-attachment status-inherit hentry  av-masonry-item-with-image' title=\"\"  itemprop=\"thumbnailUrl\" ><div class='av-inner-masonry-sizer'><\/div><figure class='av-inner-masonry main_color'><div class=\"av-masonry-outerimage-container\"><div class=\"av-masonry-image-container\" style=\"background-image: url(https:\/\/www.incodra.com\/wp-content\/uploads\/LL_Screenshot_Prototype12-705x528.png);\"><\/div><\/div><\/figure><\/a><!--end av-masonry entry--><\/div><\/div>","protected":false},"excerpt":{"rendered":"<p>Leider ist der Eintrag nur auf Amerikanisches Englisch verf\u00fcgbar.<\/p>\n","protected":false},"author":1,"featured_media":0,"parent":328,"menu_order":0,"comment_status":"open","ping_status":"open","template":"","meta":[],"_links":{"self":[{"href":"https:\/\/www.incodra.com\/de\/wp-json\/wp\/v2\/pages\/1284"}],"collection":[{"href":"https:\/\/www.incodra.com\/de\/wp-json\/wp\/v2\/pages"}],"about":[{"href":"https:\/\/www.incodra.com\/de\/wp-json\/wp\/v2\/types\/page"}],"author":[{"embeddable":true,"href":"https:\/\/www.incodra.com\/de\/wp-json\/wp\/v2\/users\/1"}],"replies":[{"embeddable":true,"href":"https:\/\/www.incodra.com\/de\/wp-json\/wp\/v2\/comments?post=1284"}],"version-history":[{"count":0,"href":"https:\/\/www.incodra.com\/de\/wp-json\/wp\/v2\/pages\/1284\/revisions"}],"up":[{"embeddable":true,"href":"https:\/\/www.incodra.com\/de\/wp-json\/wp\/v2\/pages\/328"}],"wp:attachment":[{"href":"https:\/\/www.incodra.com\/de\/wp-json\/wp\/v2\/media?parent=1284"}],"curies":[{"name":"wp","href":"https:\/\/api.w.org\/{rel}","templated":true}]}}