{"id":326,"date":"2014-04-13T01:17:05","date_gmt":"2014-04-13T00:17:05","guid":{"rendered":"https:\/\/www.incodra.com\/?page_id=326"},"modified":"2018-05-20T15:07:44","modified_gmt":"2018-05-20T14:07:44","slug":"about","status":"publish","type":"page","link":"https:\/\/www.incodra.com\/de\/about\/","title":{"rendered":"\u00dcber uns"},"content":{"rendered":"<div class=\"flex_column av_three_fourth  flex_column_div first  \" ><div class='avia-icon-list-container  '><ul class='avia-icon-list avia-icon-list-left av-iconlist-big avia_animate_when_almost_visible'>\n<li><div  class='iconlist_icon  avia-font-entypo-fontello'><span class='iconlist-char ' aria-hidden='true' data-av_icon='\ue81e' data-av_iconfont='entypo-fontello'><\/span><\/div><article class=\"article-icon-entry \"  itemscope=\"itemscope\" itemtype=\"https:\/\/schema.org\/CreativeWork\" ><div class='iconlist_content_wrap'><header class=\"entry-content-header\"><h4 class='av_iconlist_title iconlist_title  '  itemprop=\"headline\"  >Wer wir sind<\/h4><\/header><div class='iconlist_content  '  itemprop=\"text\"  ><p>Incodra ist ein Softwareunternehmen mit starkem Fokus auf Computerspiele f\u00fcr mobile Ger\u00e4te. Gegr\u00fcndet wurde Incodra im Jahr 2014 von zwei enthusiastischen Computergraphik-Wissenschaftlern, die eine starke Affinit\u00e4t zu Computerspielen haben.<\/p>\n<\/div><\/div><footer class=\"entry-footer\"><\/footer><\/article><div class='iconlist-timeline'><\/div><\/li>\n<li><div  class='iconlist_icon  avia-font-entypo-fontello'><span class='iconlist-char ' aria-hidden='true' data-av_icon='\ue8da' data-av_iconfont='entypo-fontello'><\/span><\/div><article class=\"article-icon-entry \"  itemscope=\"itemscope\" itemtype=\"https:\/\/schema.org\/CreativeWork\" ><div class='iconlist_content_wrap'><header class=\"entry-content-header\"><h4 class='av_iconlist_title iconlist_title  '  itemprop=\"headline\"  >Unser Name und unsere Philosophie<\/h4><\/header><div class='iconlist_content  '  itemprop=\"text\"  ><p>Tinte (engl. <strong>ink<\/strong>) ist zwar eine antike aber dennoch fundamentale Grundlage f\u00fcr viele k\u00fcnstlerische Arbeiten. Quellcode (engl. source <strong>code<\/strong>) ist eine Zusammensetzung von kleinen logischen Einheiten, der umfangreiche abstrakte Prozesse definiert. Das aktuelle Zeitalter (engl. <strong>era<\/strong>) mobiler Ger\u00e4te ist an einem Punkt angelangt, wo es m\u00f6glich geworden ist k\u00fcnstlerische Arbeiten mit abstrakten Prozessen zu kombinieren um daraus hochqualitative interaktive Applikationen zu entwickeln. Obwohl rein fiktional, ist der Name <strong>Incodra<\/strong> haupts\u00e4chlich durch genau diese drei Terme inspiriert: &#8222;ink&#8220;, &#8222;code&#8220;, und &#8222;era&#8220;.<\/p>\n<\/div><\/div><footer class=\"entry-footer\"><\/footer><\/article><div class='iconlist-timeline'><\/div><\/li>\n<li><div  class='iconlist_icon  avia-font-entypo-fontello'><span class='iconlist-char ' aria-hidden='true' data-av_icon='\ue841' data-av_iconfont='entypo-fontello'><\/span><\/div><article class=\"article-icon-entry \"  itemscope=\"itemscope\" itemtype=\"https:\/\/schema.org\/CreativeWork\" ><div class='iconlist_content_wrap'><header class=\"entry-content-header\"><h4 class='av_iconlist_title iconlist_title  '  itemprop=\"headline\"  >Unser Weg<\/h4><\/header><div class='iconlist_content  '  itemprop=\"text\"  ><p>Um einen gro\u00dfen Traum zu leben, haben wir mit der Entwicklung eines unterhaltsamen Spiels begonnen. Entsprechend der Philosophie unserer Firma legten wir dabei gro\u00dfen Wert auf ein ausgewogenes Gameplay in einer visuell ansprechenden virtuellen Umgebung. F\u00fcr die Zukunft haben wir viele weitere Spielideen in petto.<\/p>\n<\/div><\/div><footer class=\"entry-footer\"><\/footer><\/article><div class='iconlist-timeline'><\/div><\/li>\n<\/ul><\/div><\/div>\n<div class=\"flex_column av_one_fourth  flex_column_div   \" ><p><section class='avia-team-member  '  itemscope=\"itemscope\" itemtype=\"https:\/\/schema.org\/Person\" ><div class='team-img-container'><img class='avia_image avia_image_team av-team-img-original' src='https:\/\/www.incodra.com\/wp-content\/uploads\/2014\/02\/LarsKrecklau-180x180.jpg' alt='Dr. Lars Krecklau'  itemprop=\"image\"  \/><\/div><h3 class='team-member-name'   itemprop=\"name\" >Dr. Lars Krecklau<\/h3><div class='team-member-job-title '   itemprop=\"jobTitle\" >Mitgr\u00fcnder - <a href=\"\/author\/krecklau\/\">Mehr lesen...<\/a><\/div><span class='hidden team-member-affiliation'  itemprop=\"affiliation\" >Incodra<\/span><\/section><br \/>\n<section class='avia-team-member  '  itemscope=\"itemscope\" itemtype=\"https:\/\/schema.org\/Person\" ><div class='team-img-container'><img class='avia_image avia_image_team av-team-img-original' src='https:\/\/www.incodra.com\/wp-content\/uploads\/2014\/02\/DarkoPavic-180x180.jpg' alt='Dr. Darko Pavic'  itemprop=\"image\"  \/><\/div><h3 class='team-member-name'   itemprop=\"name\" >Dr. Darko Pavic<\/h3><div class='team-member-job-title '   itemprop=\"jobTitle\" >Mitgr\u00fcnder - <a href=\"\/author\/pavic\/\">Mehr lesen...<\/a><\/div><span class='hidden team-member-affiliation'  itemprop=\"affiliation\" >Incodra<\/span><\/section><\/p><\/div>","protected":false},"excerpt":{"rendered":"","protected":false},"author":1,"featured_media":0,"parent":0,"menu_order":0,"comment_status":"closed","ping_status":"closed","template":"","meta":[],"_links":{"self":[{"href":"https:\/\/www.incodra.com\/de\/wp-json\/wp\/v2\/pages\/326"}],"collection":[{"href":"https:\/\/www.incodra.com\/de\/wp-json\/wp\/v2\/pages"}],"about":[{"href":"https:\/\/www.incodra.com\/de\/wp-json\/wp\/v2\/types\/page"}],"author":[{"embeddable":true,"href":"https:\/\/www.incodra.com\/de\/wp-json\/wp\/v2\/users\/1"}],"replies":[{"embeddable":true,"href":"https:\/\/www.incodra.com\/de\/wp-json\/wp\/v2\/comments?post=326"}],"version-history":[{"count":0,"href":"https:\/\/www.incodra.com\/de\/wp-json\/wp\/v2\/pages\/326\/revisions"}],"wp:attachment":[{"href":"https:\/\/www.incodra.com\/de\/wp-json\/wp\/v2\/media?parent=326"}],"curies":[{"name":"wp","href":"https:\/\/api.w.org\/{rel}","templated":true}]}}